{"id":419,"date":"2025-05-21T07:54:49","date_gmt":"2025-05-21T07:54:49","guid":{"rendered":"https:\/\/daswarennochzeiten.sins942.ch\/?page_id=419"},"modified":"2025-05-21T13:34:36","modified_gmt":"2025-05-21T13:34:36","slug":"das-waren-noch-zeiten","status":"publish","type":"page","link":"https:\/\/daswarennochzeiten.sins942.ch\/","title":{"rendered":"Das waren noch Zeiten"},"content":{"rendered":"<p>Liebe Besucher<\/p>\n<p>Wir heissen Euch herzlich willkommen zu unserer kleinen Fotosammlung aus den Jahren 2002 bis 2012 bei der Firma Siemens in Albisrieden.<\/p>\n<p>Die Fotos wurden von unserem &#8222;Hoffotografen&#8220; Thomas Wegm\u00fcller aufgenommen und bevor sie entsorgt werden bieten wir sie hier zum Schm\u00f6kern an.<\/p>\n<p>Der Fotobereich ist mit einem Passwort gesch\u00fctzt, welches bei Patrice Duverney oder Paul Villiger erh\u00e4ltlich ist.<\/p>\n<p>Wir w\u00fcnschen euch allen viel Spass und gute Erinnerungen mit diesen Fotos.<\/p>\n<p>Liebe Gr\u00fcsse<\/p>\n<p>Patrice und Paul<\/p>\n","protected":false},"excerpt":{"rendered":"<p>Liebe Besucher Wir heissen Euch herzlich willkommen zu unserer kleinen Fotosammlung aus den Jahren 2002 bis 2012 bei der Firma Siemens in Albisrieden. Die Fotos wurden von unserem &#8222;Hoffotografen&#8220; Thomas Wegm\u00fcller aufgenommen und bevor sie entsorgt werden bieten wir sie hier zum Schm\u00f6kern an. Der Fotobereich ist mit einem Passwort gesch\u00fctzt, welches bei Patrice Duverney &hellip; <a href=\"https:\/\/daswarennochzeiten.sins942.ch\/\" class=\"more-link\"><span class=\"screen-reader-text\">Das waren noch Zeiten<\/span> weiterlesen <span class=\"meta-nav\">&rarr;<\/span><\/a><\/p>\n","protected":false},"author":1,"featured_media":0,"parent":0,"menu_order":0,"comment_status":"closed","ping_status":"closed","template":"","meta":{"ngg_post_thumbnail":0,"footnotes":""},"class_list":["post-419","page","type-page","status-publish","hentry"],"_links":{"self":[{"href":"https:\/\/daswarennochzeiten.sins942.ch\/index.php?rest_route=\/wp\/v2\/pages\/419","targetHints":{"allow":["GET"]}}],"collection":[{"href":"https:\/\/daswarennochzeiten.sins942.ch\/index.php?rest_route=\/wp\/v2\/pages"}],"about":[{"href":"https:\/\/daswarennochzeiten.sins942.ch\/index.php?rest_route=\/wp\/v2\/types\/page"}],"author":[{"embeddable":true,"href":"https:\/\/daswarennochzeiten.sins942.ch\/index.php?rest_route=\/wp\/v2\/users\/1"}],"replies":[{"embeddable":true,"href":"https:\/\/daswarennochzeiten.sins942.ch\/index.php?rest_route=%2Fwp%2Fv2%2Fcomments&post=419"}],"version-history":[{"count":2,"href":"https:\/\/daswarennochzeiten.sins942.ch\/index.php?rest_route=\/wp\/v2\/pages\/419\/revisions"}],"predecessor-version":[{"id":1530,"href":"https:\/\/daswarennochzeiten.sins942.ch\/index.php?rest_route=\/wp\/v2\/pages\/419\/revisions\/1530"}],"wp:attachment":[{"href":"https:\/\/daswarennochzeiten.sins942.ch\/index.php?rest_route=%2Fwp%2Fv2%2Fmedia&parent=419"}],"curies":[{"name":"wp","href":"https:\/\/api.w.org\/{rel}","templated":true}]}}